{"id":12,"date":"2020-10-18T12:35:14","date_gmt":"2020-10-18T12:35:14","guid":{"rendered":"https:\/\/pinkgorilladesign.de\/?page_id=12"},"modified":"2023-12-20T16:29:13","modified_gmt":"2023-12-20T16:29:13","slug":"ein-startseiten-abschnitt","status":"publish","type":"page","link":"https:\/\/pinkgorilladesign.de\/?page_id=12","title":{"rendered":"WIR K\u00d6NNEN"},"content":{"rendered":"\n<p class=\"has-medium-font-size\" id=\"wir-k\u00f6nnen\">Seit vielen Jahren begleiten wir gestalterisch verschiedene Staats-, Stadt- und Landestheater und verf\u00fcgen dadurch \u00fcber fundierte Erfahrungen im Kultursektor.<\/p>\n\n\n\n<h2 class=\"wp-block-heading\">Konzeption \/ Idee \/ Beratung<\/h2>\n\n\n\n<p class=\"has-medium-font-size\">Wir entwickeln f\u00fcr Sie das gesamte Branding sowie Konzeptionen f\u00fcr Sonderprojekte au\u00dferhalb des regul\u00e4ren Corporate Designs.<\/p>\n\n\n\n<p class=\"has-medium-font-size\">Das Corporate Design repr\u00e4sentiert das Theater nach au\u00dfen und innen. Es ist das entscheidende Aush\u00e4ngeschild und muss zum Konzept sowie zur k\u00fcnstlerischen Ausrichtung des Hauses passen.<br>Wir entwickeln das gesamte Corporate Design mit Ihnen \u2013 ganz gleich ob es um eine grunds\u00e4tzliche Neuausrichtung oder ein Makeover mit Fingerspitzengef\u00fchl geht.<br>Wir beraten gemeinsam \u00fcber die visuelle Identit\u00e4t, Logoentwicklung oder -\u00fcberarbeitung und Konzepte f\u00fcr Publikationen.<\/p>\n\n\n\n<h2 class=\"wp-block-heading\">Design \/ Typografie \/ Illustration<\/h2>\n\n\n\n<blockquote class=\"wp-block-quote is-layout-flow wp-block-quote-is-layout-flow\">\n<p><\/p>\n<\/blockquote>\n\n\n\n<p class=\"has-medium-font-size\">Wir designen f\u00fcr Sie s\u00e4mtliche Publikationen wie Plakate, Konzertflyer, Leporellos, Programmhefte, Spielzeitb\u00fccher etc<\/p>\n\n\n\n<p class=\"has-medium-font-size\">Im laufenden Theaterbetrieb setzen wir das Design in allen Anwendungen um. Angefangen bei Monatsleporellos, Plakaten und Programmheften bis hin zum Spielzeitbuch und dem Branding innerhalb und au\u00dferhalb des Hauses.<br>Ein agiles Corporate Design entwickelt sich mit den Spielzeiten fort und spiegelt so die Weiterentwicklung des Hauses.<br>Unser Schwerpunkt liegt auf dem Design f\u00fcr Printmaterial. F\u00fcr die Gestaltung der Webseite kooperieren wir mit eine:<em>r Partner:<\/em>in aus Ihrem oder unserem Netzwerk.<\/p>\n\n\n\n<div class=\"wp-block-buttons is-layout-flex wp-block-buttons-is-layout-flex\">\n<div class=\"wp-block-button\"><a class=\"wp-block-button__link wp-element-button\" href=\"https:\/\/pinkgorilladesign.de\/?page_id=74\">Kontakt<\/a><\/div>\n<\/div>\n\n\n\n<p><\/p>\n","protected":false},"excerpt":{"rendered":"<p>Seit vielen Jahren begleiten wir gestalterisch verschiedene Staats-, Stadt- und Landestheater und verf\u00fcgen dadurch \u00fcber fundierte Erfahrungen im Kultursektor. Konzeption \/ Idee \/ Beratung Wir entwickeln f\u00fcr Sie das gesamte Branding sowie Konzeptionen f\u00fcr Sonderprojekte au\u00dferhalb des regul\u00e4ren Corporate Designs. Das Corporate Design repr\u00e4sentiert das Theater nach au\u00dfen und innen. Es ist das entscheidende Aush\u00e4ngeschild &hellip; <\/p>\n<p class=\"link-more\"><a href=\"https:\/\/pinkgorilladesign.de\/?page_id=12\" class=\"more-link\"><span class=\"screen-reader-text\">\u201eWIR K\u00d6NNEN\u201c <\/span>weiterlesen<\/a><\/p>\n","protected":false},"author":1,"featured_media":165,"parent":10,"menu_order":2,"comment_status":"closed","ping_status":"closed","template":"","meta":{"footnotes":""},"class_list":["post-12","page","type-page","status-publish","has-post-thumbnail","hentry"],"_links":{"self":[{"href":"https:\/\/pinkgorilladesign.de\/index.php?rest_route=\/wp\/v2\/pages\/12","targetHints":{"allow":["GET"]}}],"collection":[{"href":"https:\/\/pinkgorilladesign.de\/index.php?rest_route=\/wp\/v2\/pages"}],"about":[{"href":"https:\/\/pinkgorilladesign.de\/index.php?rest_route=\/wp\/v2\/types\/page"}],"author":[{"embeddable":true,"href":"https:\/\/pinkgorilladesign.de\/index.php?rest_route=\/wp\/v2\/users\/1"}],"replies":[{"embeddable":true,"href":"https:\/\/pinkgorilladesign.de\/index.php?rest_route=%2Fwp%2Fv2%2Fcomments&post=12"}],"version-history":[{"count":20,"href":"https:\/\/pinkgorilladesign.de\/index.php?rest_route=\/wp\/v2\/pages\/12\/revisions"}],"predecessor-version":[{"id":271,"href":"https:\/\/pinkgorilladesign.de\/index.php?rest_route=\/wp\/v2\/pages\/12\/revisions\/271"}],"up":[{"embeddable":true,"href":"https:\/\/pinkgorilladesign.de\/index.php?rest_route=\/wp\/v2\/pages\/10"}],"wp:featuredmedia":[{"embeddable":true,"href":"https:\/\/pinkgorilladesign.de\/index.php?rest_route=\/wp\/v2\/media\/165"}],"wp:attachment":[{"href":"https:\/\/pinkgorilladesign.de\/index.php?rest_route=%2Fwp%2Fv2%2Fmedia&parent=12"}],"curies":[{"name":"wp","href":"https:\/\/api.w.org\/{rel}","templated":true}]}}