{"id":103,"date":"2020-11-05T13:41:39","date_gmt":"2020-11-05T13:41:39","guid":{"rendered":"https:\/\/pinkgorilladesign.de\/?page_id=103"},"modified":"2025-11-26T12:43:50","modified_gmt":"2025-11-26T12:43:50","slug":"portfolio","status":"publish","type":"page","link":"https:\/\/pinkgorilladesign.de\/?page_id=103","title":{"rendered":"PORTFOLIO"},"content":{"rendered":"\n<figure class=\"wp-block-image size-full is-style-default\"><img loading=\"lazy\" decoding=\"async\" width=\"800\" height=\"533\" src=\"https:\/\/pinkgorilladesign.de\/wp-content\/uploads\/2024\/09\/Spielzeitheft-OL2425.gif\" alt=\"\" class=\"wp-image-310\"\/><figcaption class=\"wp-element-caption\">Oldenburgisches Staatstheater<\/figcaption><\/figure>\n\n\n\n<div class=\"wp-block-columns is-layout-flex wp-container-core-columns-is-layout-9d6595d7 wp-block-columns-is-layout-flex\">\n<div class=\"wp-block-column is-layout-flow wp-block-column-is-layout-flow\" style=\"flex-basis:100%\">\n<figure class=\"wp-block-gallery has-nested-images columns-3 is-cropped wp-block-gallery-1 is-layout-flex wp-block-gallery-is-layout-flex\">\n<figure class=\"wp-block-image size-large is-style-default\"><img loading=\"lazy\" decoding=\"async\" width=\"1024\" height=\"768\" data-id=\"300\" src=\"https:\/\/pinkgorilladesign.de\/wp-content\/uploads\/2024\/09\/JT-Spielzeitheft23-24-Mockup-1024x768.jpg\" alt=\"Spielzeitheft Junges Theater Landestheater Detmold 2023\/24\" class=\"wp-image-300\" srcset=\"https:\/\/pinkgorilladesign.de\/wp-content\/uploads\/2024\/09\/JT-Spielzeitheft23-24-Mockup-1024x768.jpg 1024w, https:\/\/pinkgorilladesign.de\/wp-content\/uploads\/2024\/09\/JT-Spielzeitheft23-24-Mockup-300x225.jpg 300w, https:\/\/pinkgorilladesign.de\/wp-content\/uploads\/2024\/09\/JT-Spielzeitheft23-24-Mockup-768x576.jpg 768w, https:\/\/pinkgorilladesign.de\/wp-content\/uploads\/2024\/09\/JT-Spielzeitheft23-24-Mockup.jpg 1500w\" sizes=\"auto, (max-width: 767px) 89vw, (max-width: 1000px) 54vw, (max-width: 1071px) 543px, 580px\" \/><figcaption class=\"wp-element-caption\">Junges Landestheater Detmold<\/figcaption><\/figure>\n\n\n\n<figure class=\"wp-block-image size-large is-style-default\"><img loading=\"lazy\" decoding=\"async\" width=\"600\" height=\"800\" data-id=\"98\" src=\"https:\/\/pinkgorilladesign.de\/wp-content\/uploads\/2020\/11\/TU-Postkarten.gif\" alt=\"\" class=\"wp-image-98\"\/><figcaption class=\"wp-element-caption\">Theater Ulm<\/figcaption><\/figure>\n\n\n\n<figure class=\"wp-block-image size-full is-style-default\"><img loading=\"lazy\" decoding=\"async\" width=\"800\" height=\"800\" data-id=\"309\" src=\"https:\/\/pinkgorilladesign.de\/wp-content\/uploads\/2024\/09\/SpielzeitheftLTD.gif\" alt=\"\" class=\"wp-image-309\"\/><figcaption class=\"wp-element-caption\">Landestheater Detmold<\/figcaption><\/figure>\n\n\n\n<figure class=\"wp-block-image size-large is-style-default\"><img loading=\"lazy\" decoding=\"async\" width=\"1024\" height=\"936\" data-id=\"308\" src=\"https:\/\/pinkgorilladesign.de\/wp-content\/uploads\/2024\/09\/IMG_8509-1-1024x936.jpg\" alt=\"\" class=\"wp-image-308\" srcset=\"https:\/\/pinkgorilladesign.de\/wp-content\/uploads\/2024\/09\/IMG_8509-1-1024x936.jpg 1024w, https:\/\/pinkgorilladesign.de\/wp-content\/uploads\/2024\/09\/IMG_8509-1-300x274.jpg 300w, https:\/\/pinkgorilladesign.de\/wp-content\/uploads\/2024\/09\/IMG_8509-1-768x702.jpg 768w, https:\/\/pinkgorilladesign.de\/wp-content\/uploads\/2024\/09\/IMG_8509-1-1536x1404.jpg 1536w, https:\/\/pinkgorilladesign.de\/wp-content\/uploads\/2024\/09\/IMG_8509-1-2048x1872.jpg 2048w\" sizes=\"auto, (max-width: 767px) 89vw, (max-width: 1000px) 54vw, (max-width: 1071px) 543px, 580px\" \/><figcaption class=\"wp-element-caption\">Oldenburgisches Staatstheater<\/figcaption><\/figure>\n\n\n\n<figure class=\"wp-block-image size-large is-style-default\"><img loading=\"lazy\" decoding=\"async\" width=\"800\" height=\"800\" data-id=\"95\" src=\"https:\/\/pinkgorilladesign.de\/wp-content\/uploads\/2020\/11\/wlkljx7f.gif\" alt=\"\" class=\"wp-image-95\"\/><figcaption class=\"wp-element-caption\">Theater Vorpommern<\/figcaption><\/figure>\n\n\n\n<figure class=\"wp-block-image size-large is-style-default\"><img loading=\"lazy\" decoding=\"async\" width=\"2560\" height=\"1792\" data-id=\"96\" src=\"https:\/\/pinkgorilladesign.de\/wp-content\/uploads\/2020\/11\/PGH-TVP-scaled.gif\" alt=\"\" class=\"wp-image-96\"\/><figcaption class=\"wp-element-caption\">Theater Vorpommern<\/figcaption><\/figure>\n\n\n\n<figure class=\"wp-block-image size-large is-style-default\"><img loading=\"lazy\" decoding=\"async\" width=\"768\" height=\"1024\" data-id=\"211\" src=\"https:\/\/pinkgorilladesign.de\/wp-content\/uploads\/2020\/11\/LTD-Spielzeitheft19-20-768x1024.gif\" alt=\"\" class=\"wp-image-211\" srcset=\"https:\/\/pinkgorilladesign.de\/wp-content\/uploads\/2020\/11\/LTD-Spielzeitheft19-20-768x1024.gif 768w, https:\/\/pinkgorilladesign.de\/wp-content\/uploads\/2020\/11\/LTD-Spielzeitheft19-20-225x300.gif 225w, https:\/\/pinkgorilladesign.de\/wp-content\/uploads\/2020\/11\/LTD-Spielzeitheft19-20-1152x1536.gif 1152w\" sizes=\"auto, (max-width: 767px) 89vw, (max-width: 1000px) 54vw, (max-width: 1071px) 543px, 580px\" \/><figcaption class=\"wp-element-caption\">Landestheater Detmold<\/figcaption><\/figure>\n\n\n\n<figure class=\"wp-block-image size-large is-style-default\"><img loading=\"lazy\" decoding=\"async\" width=\"800\" height=\"555\" data-id=\"247\" src=\"https:\/\/pinkgorilladesign.de\/wp-content\/uploads\/2022\/11\/LTD-JT-Spielzeitheft21-22.gif\" alt=\"\" class=\"wp-image-247\"\/><figcaption class=\"wp-element-caption\">Junges  Landestheater Detmold<\/figcaption><\/figure>\n<\/figure>\n<\/div>\n<\/div>\n\n\n\n<figure class=\"wp-block-gallery has-nested-images columns-default is-cropped wp-block-gallery-2 is-layout-flex wp-block-gallery-is-layout-flex\">\n<figure class=\"wp-block-image size-large\"><img loading=\"lazy\" decoding=\"async\" width=\"1024\" height=\"717\" data-id=\"306\" src=\"https:\/\/pinkgorilladesign.de\/wp-content\/uploads\/2024\/09\/Mockup-Inthega-RLT-Innen10-11-1024x717.jpg\" alt=\"\" class=\"wp-image-306\" srcset=\"https:\/\/pinkgorilladesign.de\/wp-content\/uploads\/2024\/09\/Mockup-Inthega-RLT-Innen10-11-1024x717.jpg 1024w, https:\/\/pinkgorilladesign.de\/wp-content\/uploads\/2024\/09\/Mockup-Inthega-RLT-Innen10-11-300x210.jpg 300w, https:\/\/pinkgorilladesign.de\/wp-content\/uploads\/2024\/09\/Mockup-Inthega-RLT-Innen10-11-768x538.jpg 768w, https:\/\/pinkgorilladesign.de\/wp-content\/uploads\/2024\/09\/Mockup-Inthega-RLT-Innen10-11-1536x1075.jpg 1536w, https:\/\/pinkgorilladesign.de\/wp-content\/uploads\/2024\/09\/Mockup-Inthega-RLT-Innen10-11-2048x1434.jpg 2048w\" sizes=\"auto, (max-width: 767px) 89vw, (max-width: 1000px) 54vw, (max-width: 1071px) 543px, 580px\" \/><figcaption class=\"wp-element-caption\">das Rheinische Landestheater Neuss<\/figcaption><\/figure>\n\n\n\n<figure class=\"wp-block-image size-large is-style-default\"><img loading=\"lazy\" decoding=\"async\" width=\"1024\" height=\"768\" data-id=\"278\" src=\"https:\/\/pinkgorilladesign.de\/wp-content\/uploads\/2023\/12\/Perfect_Binding_Brochure_Mockup_5-1024x768.jpg\" alt=\"\" class=\"wp-image-278\" srcset=\"https:\/\/pinkgorilladesign.de\/wp-content\/uploads\/2023\/12\/Perfect_Binding_Brochure_Mockup_5-1024x768.jpg 1024w, https:\/\/pinkgorilladesign.de\/wp-content\/uploads\/2023\/12\/Perfect_Binding_Brochure_Mockup_5-300x225.jpg 300w, https:\/\/pinkgorilladesign.de\/wp-content\/uploads\/2023\/12\/Perfect_Binding_Brochure_Mockup_5-768x576.jpg 768w, https:\/\/pinkgorilladesign.de\/wp-content\/uploads\/2023\/12\/Perfect_Binding_Brochure_Mockup_5-1536x1152.jpg 1536w, https:\/\/pinkgorilladesign.de\/wp-content\/uploads\/2023\/12\/Perfect_Binding_Brochure_Mockup_5-2048x1536.jpg 2048w\" sizes=\"auto, (max-width: 767px) 89vw, (max-width: 1000px) 54vw, (max-width: 1071px) 543px, 580px\" \/><figcaption class=\"wp-element-caption\">das Rheinische Landestheater Neuss<\/figcaption><\/figure>\n\n\n\n<figure class=\"wp-block-image size-large is-style-default\"><img loading=\"lazy\" decoding=\"async\" width=\"1024\" height=\"768\" data-id=\"279\" src=\"https:\/\/pinkgorilladesign.de\/wp-content\/uploads\/2023\/12\/SPZH-21-22Mockup-1024x768.jpg\" alt=\"\" class=\"wp-image-279\" srcset=\"https:\/\/pinkgorilladesign.de\/wp-content\/uploads\/2023\/12\/SPZH-21-22Mockup-1024x768.jpg 1024w, https:\/\/pinkgorilladesign.de\/wp-content\/uploads\/2023\/12\/SPZH-21-22Mockup-300x225.jpg 300w, https:\/\/pinkgorilladesign.de\/wp-content\/uploads\/2023\/12\/SPZH-21-22Mockup-768x576.jpg 768w, https:\/\/pinkgorilladesign.de\/wp-content\/uploads\/2023\/12\/SPZH-21-22Mockup-1536x1152.jpg 1536w, https:\/\/pinkgorilladesign.de\/wp-content\/uploads\/2023\/12\/SPZH-21-22Mockup-2048x1536.jpg 2048w\" sizes=\"auto, (max-width: 767px) 89vw, (max-width: 1000px) 54vw, (max-width: 1071px) 543px, 580px\" \/><figcaption class=\"wp-element-caption\">Landestheater Detmold<\/figcaption><\/figure>\n\n\n\n<figure class=\"wp-block-image size-full is-style-default\"><img loading=\"lazy\" decoding=\"async\" width=\"800\" height=\"600\" data-id=\"304\" src=\"https:\/\/pinkgorilladesign.de\/wp-content\/uploads\/2024\/09\/Spielzeitheft24-25-RLT-1.gif\" alt=\"\" class=\"wp-image-304\"\/><figcaption class=\"wp-element-caption\">das Rheinische Landestheater Neuss<\/figcaption><\/figure>\n<\/figure>\n\n\n\n<p class=\"has-text-align-center\"><strong>Kunden<\/strong><br>das Rheinische Landestheater Neuss<br>Landestheater Detmold<br>Oldenburgisches Staatstheater<br>Theater Ulm<br>Theater Vorpommern<br>Theater Bremerhaven<br>Nordharzer St\u00e4dtebundtheater<br>Theater L\u00fcneburg<br>Schauspielhaus Hamburg<br>Schleswig-Holsteinisches Landestheater<\/p>\n\n\n\n<p class=\"has-text-align-center\">Deutscher B\u00fchneverein<br>Tagesspiegel<br>S\u00fcddeutsche Zeitung<br>Rolling Stone<br>Boston Magazine<br>B\u00f6rsenverein des deutschen Buchhandels<br>fhm<br>Stern<br>Finanzen<br>Los Angeles Times<br>Bild der Wissenschaft<br>Wirtschaftswoche<br>Rowohlt Verlag<\/p>\n","protected":false},"excerpt":{"rendered":"<p>Kundendas Rheinische Landestheater NeussLandestheater DetmoldOldenburgisches StaatstheaterTheater UlmTheater VorpommernTheater BremerhavenNordharzer St\u00e4dtebundtheaterTheater L\u00fcneburgSchauspielhaus HamburgSchleswig-Holsteinisches Landestheater Deutscher B\u00fchnevereinTagesspiegelS\u00fcddeutsche ZeitungRolling StoneBoston MagazineB\u00f6rsenverein des deutschen BuchhandelsfhmSternFinanzenLos Angeles TimesBild der WissenschaftWirtschaftswocheRowohlt Verlag<\/p>\n","protected":false},"author":1,"featured_media":214,"parent":0,"menu_order":1,"comment_status":"closed","ping_status":"closed","template":"","meta":{"footnotes":""},"class_list":["post-103","page","type-page","status-publish","has-post-thumbnail","hentry"],"_links":{"self":[{"href":"https:\/\/pinkgorilladesign.de\/index.php?rest_route=\/wp\/v2\/pages\/103","targetHints":{"allow":["GET"]}}],"collection":[{"href":"https:\/\/pinkgorilladesign.de\/index.php?rest_route=\/wp\/v2\/pages"}],"about":[{"href":"https:\/\/pinkgorilladesign.de\/index.php?rest_route=\/wp\/v2\/types\/page"}],"author":[{"embeddable":true,"href":"https:\/\/pinkgorilladesign.de\/index.php?rest_route=\/wp\/v2\/users\/1"}],"replies":[{"embeddable":true,"href":"https:\/\/pinkgorilladesign.de\/index.php?rest_route=%2Fwp%2Fv2%2Fcomments&post=103"}],"version-history":[{"count":20,"href":"https:\/\/pinkgorilladesign.de\/index.php?rest_route=\/wp\/v2\/pages\/103\/revisions"}],"predecessor-version":[{"id":377,"href":"https:\/\/pinkgorilladesign.de\/index.php?rest_route=\/wp\/v2\/pages\/103\/revisions\/377"}],"wp:featuredmedia":[{"embeddable":true,"href":"https:\/\/pinkgorilladesign.de\/index.php?rest_route=\/wp\/v2\/media\/214"}],"wp:attachment":[{"href":"https:\/\/pinkgorilladesign.de\/index.php?rest_route=%2Fwp%2Fv2%2Fmedia&parent=103"}],"curies":[{"name":"wp","href":"https:\/\/api.w.org\/{rel}","templated":true}]}}