{"id":10,"date":"2020-10-18T12:35:14","date_gmt":"2020-10-18T12:35:14","guid":{"rendered":"https:\/\/pinkgorilladesign.de\/?page_id=10"},"modified":"2025-11-26T12:42:04","modified_gmt":"2025-11-26T12:42:04","slug":"kontakt-2","status":"publish","type":"page","link":"https:\/\/pinkgorilladesign.de\/?page_id=10","title":{"rendered":"KOMMUNIKATION UND DESIGN"},"content":{"rendered":"\n<p class=\"has-black-color has-text-color has-medium-font-size\"> Unsere Kunden kommen aus den systemrelevanten Bereichen Kunst, Kultur, Bildung und Soziales. Seit vielen Jahren begleiten wir gestalterisch verschiedene Staats-, Stadt- und Landestheater und verf\u00fcgen dadurch \u00fcber fundierte Erfahrungen im Kultursektor.<\/p>\n\n\n\n<p class=\"has-black-color has-text-color has-medium-font-size\">KOMMUNIKATION ist alles. Sie ist wichtiger Bestandteil in der Zusammenarbeit mit unseren Kunden und untereinander sowie der Kern eines jeden Produkts, das wir gestalten.<\/p>\n\n\n\n<p class=\"has-black-color has-text-color has-medium-font-size\">DESIGN ist nicht alles. Wir interessieren uns ebenso f\u00fcr die Inhalte und Ideen hinter der Gestaltung.<\/p>\n\n\n\n<div class=\"wp-block-buttons is-layout-flex wp-block-buttons-is-layout-flex\">\n<div class=\"wp-block-button\"><a class=\"wp-block-button__link wp-element-button\" href=\"https:\/\/pinkgorilladesign.de\/?page_id=103\">Portfolio<\/a><\/div>\n<\/div>\n\n\n\n<h1 class=\"wp-block-heading has-black-color has-text-color has-link-color has-medium-font-size wp-elements-878d5a77598d157fb8ddbd6acf734182\">WIR K\u00d6NNEN<\/h1>\n\n\n\n<p class=\"has-black-color has-text-color has-link-color has-medium-font-size wp-elements-655e93c76e35274c954f38bdc56aefac\">CORPORATE DESIGN UND BRANDING<br>Branding-Beratung, Visual Identity, Entwicklung von Erscheinungsbildern, Logoentwicklung oder \u00dcberar\u00adbeitung<\/p>\n\n\n\n<p class=\"has-medium-font-size\">EDITORIAL DESGIN<br>Grafikdesign f\u00fcr Publikationen, Spielzeitheft, Theaterzeitung, Brosch\u00fcren, Monatsleporellos, B\u00fccher, Magazine, Kataloge, Umschlag\u00adgestaltung, \u00adperiodische Printpublikationen<\/p>\n\n\n\n<p class=\"has-medium-font-size\">TYPOGRAFIE<br>Satz, Detailtypografie, Werksatz, Workshops<\/p>\n\n\n\n<p class=\"has-medium-font-size\">ILLUSTRATION<br>f\u00fcr Plakate, Spielzeithefte, Programmhefte, Magazine,<br>Brosch\u00fcren, Buchillustration, Buchcover<\/p>\n\n\n\n<p class=\"has-medium-font-size\">PRODUKTION<br>Reinzeichnung, Layout-Adaptionen, Vorlagen-Erstellung, Druckvorstufe, Qualit\u00e4tssicherung und Beratung, Materialrecherche, Druckhandling<\/p>\n\n\n<div class=\"wp-block-image is-style-default\">\n<figure class=\"aligncenter size-large is-resized\"><img loading=\"lazy\" decoding=\"async\" width=\"1024\" height=\"683\" src=\"https:\/\/pinkgorilladesign.de\/wp-content\/uploads\/2023\/12\/Gorilladruck-1024x683.jpg\" alt=\"\" class=\"wp-image-294\" style=\"width:988px;height:auto\" srcset=\"https:\/\/pinkgorilladesign.de\/wp-content\/uploads\/2023\/12\/Gorilladruck-1024x683.jpg 1024w, https:\/\/pinkgorilladesign.de\/wp-content\/uploads\/2023\/12\/Gorilladruck-300x200.jpg 300w, https:\/\/pinkgorilladesign.de\/wp-content\/uploads\/2023\/12\/Gorilladruck-768x512.jpg 768w, https:\/\/pinkgorilladesign.de\/wp-content\/uploads\/2023\/12\/Gorilladruck-1536x1024.jpg 1536w, https:\/\/pinkgorilladesign.de\/wp-content\/uploads\/2023\/12\/Gorilladruck-2048x1366.jpg 2048w\" sizes=\"auto, (max-width: 767px) 89vw, (max-width: 1000px) 54vw, (max-width: 1071px) 543px, 580px\" \/><\/figure>\n<\/div>\n\n\n<h1 class=\"wp-block-heading has-black-color has-text-color has-link-color wp-elements-b62f08e60723a04be965f0fd846a9d31\" style=\"text-transform:uppercase\">KONZEPT, IDEE UND BERATUNG<\/h1>\n\n\n\n<h2 class=\"wp-block-heading has-black-color has-text-color has-link-color has-medium-font-size wp-elements-326fb2f5501f082a15f83fc3316bcb77\">Wir entwickeln f\u00fcr Sie das gesamte Branding sowie Konzeptionen f\u00fcr Sonderprojekte au\u00dferhalb des regul\u00e4ren Corporate Designs.<\/h2>\n\n\n\n<p class=\"has-medium-font-size\">Das Corporate Design repr\u00e4sentiert das Theater nach au\u00dfen und innen. Es ist das entscheidende Aush\u00e4ngeschild und muss zum Konzept sowie zur k\u00fcnstlerischen Ausrichtung des Hauses passen.<br>Wir entwickeln das gesamte Corporate Design mit Ihnen \u2013 ganz gleich ob es um eine grunds\u00e4tzliche Neuausrichtung oder ein Makeover mit Fingerspitzengef\u00fchl geht.<br>Wir beraten gemeinsam \u00fcber die visuelle Identit\u00e4t, Logoentwicklung oder -\u00fcberarbeitung und Konzepte f\u00fcr Publikationen.<\/p>\n","protected":false},"excerpt":{"rendered":"<p>Unsere Kunden kommen aus den systemrelevanten Bereichen Kunst, Kultur, Bildung und Soziales. Seit vielen Jahren begleiten wir gestalterisch verschiedene Staats-, Stadt- und Landestheater und verf\u00fcgen dadurch \u00fcber fundierte Erfahrungen im Kultursektor. KOMMUNIKATION ist alles. Sie ist wichtiger Bestandteil in der Zusammenarbeit mit unseren Kunden und untereinander sowie der Kern eines jeden Produkts, das wir gestalten. &hellip; <\/p>\n<p class=\"link-more\"><a href=\"https:\/\/pinkgorilladesign.de\/?page_id=10\" class=\"more-link\"><span class=\"screen-reader-text\">\u201eKOMMUNIKATION UND DESIGN\u201c <\/span>weiterlesen<\/a><\/p>\n","protected":false},"author":1,"featured_media":64,"parent":0,"menu_order":0,"comment_status":"closed","ping_status":"closed","template":"","meta":{"footnotes":""},"class_list":["post-10","page","type-page","status-publish","has-post-thumbnail","hentry"],"_links":{"self":[{"href":"https:\/\/pinkgorilladesign.de\/index.php?rest_route=\/wp\/v2\/pages\/10","targetHints":{"allow":["GET"]}}],"collection":[{"href":"https:\/\/pinkgorilladesign.de\/index.php?rest_route=\/wp\/v2\/pages"}],"about":[{"href":"https:\/\/pinkgorilladesign.de\/index.php?rest_route=\/wp\/v2\/types\/page"}],"author":[{"embeddable":true,"href":"https:\/\/pinkgorilladesign.de\/index.php?rest_route=\/wp\/v2\/users\/1"}],"replies":[{"embeddable":true,"href":"https:\/\/pinkgorilladesign.de\/index.php?rest_route=%2Fwp%2Fv2%2Fcomments&post=10"}],"version-history":[{"count":22,"href":"https:\/\/pinkgorilladesign.de\/index.php?rest_route=\/wp\/v2\/pages\/10\/revisions"}],"predecessor-version":[{"id":376,"href":"https:\/\/pinkgorilladesign.de\/index.php?rest_route=\/wp\/v2\/pages\/10\/revisions\/376"}],"wp:featuredmedia":[{"embeddable":true,"href":"https:\/\/pinkgorilladesign.de\/index.php?rest_route=\/wp\/v2\/media\/64"}],"wp:attachment":[{"href":"https:\/\/pinkgorilladesign.de\/index.php?rest_route=%2Fwp%2Fv2%2Fmedia&parent=10"}],"curies":[{"name":"wp","href":"https:\/\/api.w.org\/{rel}","templated":true}]}}